{"id":593,"date":"2019-08-11T01:03:59","date_gmt":"2019-08-11T01:03:59","guid":{"rendered":"https:\/\/hme.lu\/hme\/?page_id=593"},"modified":"2020-02-05T11:45:07","modified_gmt":"2020-02-05T11:45:07","slug":"chronik","status":"publish","type":"page","link":"https:\/\/hme.lu\/hme\/chronik\/","title":{"rendered":"Chronik"},"content":{"rendered":"\t\t<div data-elementor-type=\"wp-post\" data-elementor-id=\"593\" class=\"elementor elementor-593\">\n\t\t\t\t\t\t<section class=\"elementor-section elementor-top-section elementor-element elementor-element-2c589eb3 elementor-section-content-middle elementor-section-boxed elementor-section-height-default elementor-section-height-default\" data-id=\"2c589eb3\" data-element_type=\"section\" data-settings=\"{&quot;background_background&quot;:&quot;classic&quot;}\">\n\t\t\t\t\t\t\t<div class=\"elementor-background-overlay\"><\/div>\n\t\t\t\t\t\t\t<div class=\"elementor-container elementor-column-gap-no\">\n\t\t\t\t\t<div class=\"elementor-column elementor-col-100 elementor-top-column elementor-element elementor-element-39106242\" data-id=\"39106242\" data-element_type=\"column\">\n\t\t\t<div class=\"elementor-widget-wrap elementor-element-populated\">\n\t\t\t\t\t\t<div class=\"elementor-element elementor-element-372d0841 elementor-widget elementor-widget-heading\" data-id=\"372d0841\" data-element_type=\"widget\" data-widget_type=\"heading.default\">\n\t\t\t\t<div class=\"elementor-widget-container\">\n\t\t\t<h1 class=\"elementor-heading-title elementor-size-default\">Chronik<\/h1>\t\t<\/div>\n\t\t\t\t<\/div>\n\t\t\t\t\t<\/div>\n\t\t<\/div>\n\t\t\t\t\t<\/div>\n\t\t<\/section>\n\t\t\t\t<section class=\"elementor-section elementor-top-section elementor-element elementor-element-5d3b29d0 elementor-section-boxed elementor-section-height-default elementor-section-height-default\" data-id=\"5d3b29d0\" data-element_type=\"section\">\n\t\t\t\t\t\t<div class=\"elementor-container elementor-column-gap-default\">\n\t\t\t\t\t<div class=\"elementor-column elementor-col-100 elementor-top-column elementor-element elementor-element-128ecb13\" data-id=\"128ecb13\" data-element_type=\"column\">\n\t\t\t<div class=\"elementor-widget-wrap elementor-element-populated\">\n\t\t\t\t\t\t<div class=\"elementor-element elementor-element-b2fb07d elementor-widget elementor-widget-heading\" data-id=\"b2fb07d\" data-element_type=\"widget\" data-widget_type=\"heading.default\">\n\t\t\t\t<div class=\"elementor-widget-container\">\n\t\t\t<h2 class=\"elementor-heading-title elementor-size-default\">140 Jahre HME im Zeitraffer. Echternacher Musikgeschichte kurz zusammengefasst.<\/h2>\t\t<\/div>\n\t\t\t\t<\/div>\n\t\t\t\t<div class=\"elementor-element elementor-element-1d0153db elementor-widget elementor-widget-text-editor\" data-id=\"1d0153db\" data-element_type=\"widget\" data-widget_type=\"text-editor.default\">\n\t\t\t\t<div class=\"elementor-widget-container\">\n\t\t\t\t\t\t\t<div><div><table><tbody><tr><td>1872:<\/td><td>Die Turnermusik, die Concordia Gesellschaft und die Stadtmusik schlie\u00dfen sich zusammen. 30 Pulte sind besetzt.<\/td><\/tr><tr><td>\u00a0<\/td><td>\u00a0<\/td><\/tr><tr><td>1873:<\/td><td>Unter Dirigent Th\u00e9odor Kayser, empf\u00e4ngt die Stadtmusik 700 G\u00e4ste, die mit der neuen Prinz Heinrich Bahn in Echternach eintreffen.<\/td><\/tr><tr><td>\u00a0<\/td><td>\u00a0<\/td><\/tr><tr><td>1877:<\/td><td>F\u00fcr die immer zahlreicher werdenden Touristen bieten der neugegr\u00fcndete \u201eVersch\u00f6nerungsverein\u201c und die Stadtmusik Konzerte auf dem Marktplatz an.<\/td><\/tr><tr><td>\u00a0<\/td><td>\u00a0<\/td><\/tr><tr><td>1884:<\/td><td>Die Karnevalsgesellschaft \u201eH\u00e4melmaous\u201c l\u00e4dt am 27. Januar in den Saal L. Kiesel ein. Prof. Specks sarkastischer Text wird auf die b\u00f6hmisch-tschechische \u201eKirmespolka\u201c zugeschnitten und geh\u00f6rt ab sofort zum lokalen R\u00e9pertoire.<\/td><\/tr><tr><td>\u00a0<\/td><td>\u00a0<\/td><\/tr><tr><td>1890:<\/td><td>Thomas M\u00fcller \u00fcbernimmt den Dirigentenstab.<\/td><\/tr><tr><td>\u00a0<\/td><td>\u00a0<\/td><\/tr><tr><td>1892:<\/td><td>Sicherheit und Selbstvertrauen des lokalen Musikvereins tragen dazu bei, einen \u201ePreiswettstreit\u201c mit dem Adolfverband in der Abteistadt zu veranstalten.<\/td><\/tr><tr><td>\u00a0<\/td><td>\u00a0<\/td><\/tr><tr><td>1899:<\/td><td>Max Menager, Musiklehrer, Organist, Komponist und Dirigent \u00fcbernimmt die Stadtmusik und spielt auch mal das Helikon, wenn Not am Mann ist.<\/td><\/tr><tr><td>\u00a0<\/td><td>\u00a0<\/td><\/tr><tr><td>1904:<\/td><td>Die Stadtmusiker blasen aus voller Lunge, als die Schmalspurbahn \u201eCharly\u201c in die Stadt hineindonnert.<\/td><\/tr><tr><td>\u00a0<\/td><td>\u00a0<\/td><\/tr><tr><td>1918:<\/td><td>Die Echternacher Stadtmusik ist dabei als die amerikanischen Befreier auf dem Marktplatz empfangen werden.<\/td><\/tr><tr><td>\u00a0<\/td><td>\u00a0<\/td><\/tr><tr><td>1929:<\/td><td>Neu f\u00fcr die Stadtmusiker ist, dass der Nationalfeiertag \u201eGroussherzoginsgeburtsdag\u201c auch musikalisch begangen wird.<\/td><\/tr><tr><td>\u00a0<\/td><td>\u00a0<\/td><\/tr><tr><td>1939:<\/td><td>Max Menager \u00fcbergibt den Dirigentenposten an den Musiklehrer Albert Wirtz. Unter deutscher Besatzung wird die Gesellschaft ein Jahr sp\u00e4ter aufgel\u00f6st.<\/td><\/tr><tr><td>\u00a0<\/td><td>\u00a0<\/td><\/tr><tr><td>1945:<\/td><td>Die Musiker gehen durch die zerst\u00f6rte Stadt und spielen den gesch\u00e4digten Mitb\u00fcrgern Mut zu. \u201eHaalt de Kapp h\u00e9ich\u201c war die Parole.<\/td><\/tr><tr><td>\u00a0<\/td><td>\u00a0<\/td><\/tr><tr><td>1947:<\/td><td>Unter Albert Wirtz steigt die Harmonie Municipale, zu ihrem 75j\u00e4hrigen Bestehen in die Division Sup\u00e9rieure B auf.<\/td><\/tr><tr><td>\u00a0<\/td><td>\u00a0<\/td><\/tr><tr><td>1960:<\/td><td>Joseph Kemmer, \u00fcbernimmt die Leitung von Albert Wirtz, gibt aber 1966 schon wieder auf.<\/td><\/tr><tr><td>\u00a0<\/td><td>\u00a0<\/td><\/tr><tr><td>1966:<\/td><td>Armand Forthoffer aus Wasserbillig hei\u00dft der n\u00e4chste Orchesterchef, der den Verein zu neuen Erfolgen f\u00fchrt. Musikfeste auf dem Marktplatz werden in der Hochsaison eingef\u00fchrt.<\/td><\/tr><tr><td>\u00a0<\/td><td>\u00a0<\/td><\/tr><tr><td>1972:<\/td><td>Hundertjahrfeier mit aussergew\u00f6hnlichen Programmen. Die HME bekommt eine neue Fahne. Herausgabe des Buches \u201eT\u00e9moignages et Pr\u00e9sences\u201c.<\/td><\/tr><tr><td>\u00a0<\/td><td>\u00a0<\/td><\/tr><tr><td>1973:<\/td><td>Teilnahme am nationalen Musikwettbewerb im grossen Theater in Luxemburg \u2013 Erster Preis.<\/td><\/tr><tr><td>\u00a0<\/td><td>\u00a0<\/td><\/tr><tr><td>1978:<\/td><td>Beim internationalen Musikwettbewerb in Vichy, Frankreich kommt die HME ganz gro\u00df heraus und erringt den ersten Preis &#8222;Prix du Minist\u00e8re de la Culture&#8220; vor allen Mitstreitern.<\/td><\/tr><tr><td>\u00a0<\/td><td>\u00a0<\/td><\/tr><tr><td>1981:<\/td><td>Teilnahme am nationalen Musikwettbewerb in Schifflingen &#8211; Erster Preis mit Auszeichnung und Aufstieg in die \u201eDivision Excellence\u201c.<\/td><\/tr><tr><td>\u00a0<\/td><td>\u00a0<\/td><\/tr><tr><td>1982:<\/td><td>Manche Stimmen werden laut, die einen gr\u00f6\u00dferen Probesaal und endlich einen geeigneten Konzertsaal verlangen. Konzerte wurden n\u00e4mlich im zu kleinen Vereinssaal sowie in der akustisch ung\u00fcnstigen Sporthalle abgehalten.<\/td><\/tr><tr><td>\u00a0<\/td><td>\u00a0<\/td><\/tr><tr><td>1997:<\/td><td>Man feiert 125 Jahre Echternacher Stadtmusik mit einer \u201eQuinzaine Musicale\u201c auf dem Parvis der Echternacher Basilika. H\u00f6hepunkt war das Konzert mit einem Orchester von 125 Musikern. Ein gro\u00dfer Erfolg. Zu diesem Anla\u00df wurde die erste CD der HME \u201e125 Jaouer Eechternoacher Stadmusik\u201c eingespielt.<\/td><\/tr><tr><td>\u00a0<\/td><td>\u00a0<\/td><\/tr><tr><td>1999:<\/td><td>Teilnahme an der \u201eLuxemburger Tierprozession\u201c in Weimar.<\/td><\/tr><tr><td>\u00a0<\/td><td>\u00a0<\/td><\/tr><tr><td>2000:<\/td><td>Gr\u00fcndung des Jugendensembles \u201eHarMunEch H\u00e4melmaousbl\u00e9iser\u201c.<\/td><\/tr><tr><td>\u00a0<\/td><td>Das internationale Musikfestival, ebenfalls auf der Suche nach einem geeigneten Konzertsaal, schlie\u00dft sich den Bem\u00fchungen der Stadtmusik an. Georges Calteux zeichnet erste Pl\u00e4ne f\u00fcr ein Kulturhaus im fr\u00fcheren Redemptoristenkloster. Seine Pl\u00e4ne sehen einen 40 x 60 m gro\u00dfen Konzertsaal im fr\u00fcheren Klosterhof vor. Sp\u00e4ter setzt Marcel Niederweis die Pl\u00e4ne um. Diese entsprechen den Vorstellungen von G. Calteux, der auch einen neuen Probesaal f\u00fcr die HME im Dachgeschoss vorgesehen hatte.<\/td><\/tr><tr><td>\u00a0<\/td><td>\u00a0<\/td><\/tr><tr><td>2001:<\/td><td>Neuer Dirigent wird Daniel Heuschen aus Eupen, der die HME mit viel Geschick von Erfolg zu Erfolg f\u00fchrt.<\/td><\/tr><tr><td>\u00a0<\/td><td>\u00a0<\/td><\/tr><tr><td>2006:<\/td><td>1. Auflage \u201ePARKOPOLY\u201c &#8211; Musikalisches Wochenende im Stadtpark mit Feuerwerk.<\/td><\/tr><tr><td>\u00a0<\/td><td>\u00a0<\/td><\/tr><tr><td>2007:<\/td><td>Letztes Neujahrkonzert in der Echternacher Sporthalle<\/td><\/tr><tr><td>\u00a0<\/td><td>135 Jahre HME &#8211; Konzertreihe \u201eLes Concerts de l\u2019Orangerie\u201c in den G\u00e4rten der Orangerie.<\/td><\/tr><tr><td>\u00a0<\/td><td>Umzug in unseren neuen Probesaal im Trifolion.<\/td><\/tr><tr><td>\u00a0<\/td><td>\u00a0<\/td><\/tr><tr><td>2008:<\/td><td>Einweihung des \u201eTRIFOLION\u201c<\/td><\/tr><tr><td>\u00a0<\/td><td>Erstes Galakonzert \u201eMUSIC OPEN\u201c im gro\u00dfen Konzertsaal \u201eAtrium\u201c des Trifolion.<\/td><\/tr><tr><td>\u00a0<\/td><td>Internationaler Blasmusikkongress: Er\u00f6ffnungskonzert.<\/td><\/tr><tr><td>\u00a0<\/td><td>\u00a0<\/td><\/tr><tr><td>2009:<\/td><td>Erstes Neujahrskonzert im Trifolion.<\/td><\/tr><tr><td>\u00a0<\/td><td>Akademische Festsitzung: Aufnahme der Echternacher Springprozession durch die UNESCO in die \u201eListe repr\u00e9sentative du patrimoine culturel immat\u00e9riel de l\u2019Humanit\u00e9\u201c.<\/td><\/tr><tr><td>\u00a0<\/td><td>Organisation \u201emoART-FESTival \u2013 Son et Lumi\u00e8re\u201c auf dem Marktplatz.<\/td><\/tr><tr><td>\u00a0<\/td><td>\u00a0<\/td><\/tr><tr><td>2011:<\/td><td>Musi-Croissant mit Auff\u00fchrung von \u201eBand Land\u201c- Wiederholung am Conservatoire de Musique der Stadt Luxemburg.<\/td><\/tr><tr><td>\u00a0<\/td><td>Organisation der Konzertreihe \u201eWorld Music Champions\u201c &#8211; Konzerte \u201eKoninklijke Harmonie Eijsden (NL)\u201c und \u201eHarmonie St.Micha\u00ebl Thorn (NL)\u201c<\/td><\/tr><tr><td>\u00a0<\/td><td>\u00a0<\/td><\/tr><tr><td>2012:<\/td><td>140 Jahre HME &#8211; Semaine Musicale mit Auff\u00fchrung von \u201eCARMINA BURANA\u201c mit der HME, dem Projektchor \u201eBuranus\u201c und internationalen Solisten.<\/td><\/tr><tr><td>\u00a0<\/td><td>CD-Release \u201eKl\u00e4nge zur Echternacher Springprozession\u201c.<\/td><\/tr><tr><td>\u00a0<\/td><td>125 Jahre Teilnahme an der Echternacher Springprozession.<\/td><\/tr><tr><td>\u00a0<\/td><td>\u00a0<\/td><\/tr><tr><td>2013:<\/td><td>CD-Release \u201eROOTS AND LEAVES\u201c.<\/td><\/tr><tr><td>\u00a0<\/td><td>\u00a0<\/td><\/tr><tr><td>2014:<\/td><td>Ver\u00f6ffentlichung: \u201e140 Joer HME &#8211; T\u00e9moignages et Pr\u00e9sences III\u201c sowie CD-Release \u201eCARMINA BURANA\u201c<\/td><\/tr><tr><td>\u00a0<\/td><td>Internationales Musikfestival Echternach: Er\u00f6ffnungskonzert mit Cyprien Katsaris, Klavier. 3. Klavierconcerto von Ludwig van Beethoven arrangiert von Daniel Heuschen.<\/td><\/tr><tr><td>\u00a0<\/td><td>In den letzten Jahren haben sich sieben Musiker aus dem nahen deutschen Grenzgebiet in die Reihen der HME eingeschrieben, die jetzt \u00fcber 70 Mitglieder z\u00e4hlt.<\/td><\/tr><\/tbody><\/table><\/div><\/div>\t\t\t\t\t\t<\/div>\n\t\t\t\t<\/div>\n\t\t\t\t\t<\/div>\n\t\t<\/div>\n\t\t\t\t\t<\/div>\n\t\t<\/section>\n\t\t\t\t<\/div>\n\t\t","protected":false},"excerpt":{"rendered":"<p>Chronik 140 Jahre HME im Zeitraffer. Echternacher Musikgeschichte kurz zusammengefasst. 1872: Die Turnermusik, die Concordia Gesellschaft und die Stadtmusik schlie\u00dfen sich zusammen. 30 Pulte sind besetzt. &nbsp; &nbsp; 1873: Unter Dirigent Th\u00e9odor Kayser, empf\u00e4ngt die Stadtmusik 700 G\u00e4ste, die mit der neuen Prinz Heinrich Bahn in Echternach eintreffen. &nbsp; &nbsp; 1877: F\u00fcr die immer zahlreicher &hellip;<\/p>\n<p class=\"read-more\"> <a class=\"\" href=\"https:\/\/hme.lu\/hme\/chronik\/\"> <span class=\"screen-reader-text\">Chronik<\/span> Weiterlesen &raquo;<\/a><\/p>\n","protected":false},"author":1,"featured_media":0,"parent":0,"menu_order":0,"comment_status":"closed","ping_status":"closed","template":"","meta":{"_uag_custom_page_level_css":"","site-sidebar-layout":"no-sidebar","site-content-layout":"page-builder","ast-global-header-display":"","ast-main-header-display":"","ast-hfb-above-header-display":"","ast-hfb-below-header-display":"","ast-hfb-mobile-header-display":"","site-post-title":"disabled","ast-breadcrumbs-content":"","ast-featured-img":"disabled","footer-sml-layout":"","theme-transparent-header-meta":"default","adv-header-id-meta":"","stick-header-meta":"","header-above-stick-meta":"","header-main-stick-meta":"","header-below-stick-meta":"","footnotes":""},"class_list":["post-593","page","type-page","status-publish","hentry"],"uagb_featured_image_src":{"full":false,"thumbnail":false,"medium":false,"medium_large":false,"large":false,"1536x1536":false,"2048x2048":false},"uagb_author_info":{"display_name":"adminjo","author_link":"https:\/\/hme.lu\/hme\/blog\/author\/adminjo\/"},"uagb_comment_info":0,"uagb_excerpt":"Chronik 140 Jahre HME im Zeitraffer. Echternacher Musikgeschichte kurz zusammengefasst. 1872: Die Turnermusik, die Concordia Gesellschaft und die Stadtmusik schlie\u00dfen sich zusammen. 30 Pulte sind besetzt. &nbsp; &nbsp; 1873: Unter Dirigent Th\u00e9odor Kayser, empf\u00e4ngt die Stadtmusik 700 G\u00e4ste, die mit der neuen Prinz Heinrich Bahn in Echternach eintreffen. &nbsp; &nbsp; 1877: F\u00fcr die immer zahlreicher&hellip;","_links":{"self":[{"href":"https:\/\/hme.lu\/hme\/wp-json\/wp\/v2\/pages\/593","targetHints":{"allow":["GET"]}}],"collection":[{"href":"https:\/\/hme.lu\/hme\/wp-json\/wp\/v2\/pages"}],"about":[{"href":"https:\/\/hme.lu\/hme\/wp-json\/wp\/v2\/types\/page"}],"author":[{"embeddable":true,"href":"https:\/\/hme.lu\/hme\/wp-json\/wp\/v2\/users\/1"}],"replies":[{"embeddable":true,"href":"https:\/\/hme.lu\/hme\/wp-json\/wp\/v2\/comments?post=593"}],"version-history":[{"count":18,"href":"https:\/\/hme.lu\/hme\/wp-json\/wp\/v2\/pages\/593\/revisions"}],"predecessor-version":[{"id":1963,"href":"https:\/\/hme.lu\/hme\/wp-json\/wp\/v2\/pages\/593\/revisions\/1963"}],"wp:attachment":[{"href":"https:\/\/hme.lu\/hme\/wp-json\/wp\/v2\/media?parent=593"}],"curies":[{"name":"wp","href":"https:\/\/api.w.org\/{rel}","templated":true}]}}