{"id":530,"date":"2019-08-08T21:28:12","date_gmt":"2019-08-08T21:28:12","guid":{"rendered":"https:\/\/hme.lu\/hme\/?page_id=530"},"modified":"2024-03-15T06:49:44","modified_gmt":"2024-03-15T06:49:44","slug":"accueil","status":"publish","type":"page","link":"https:\/\/hme.lu\/hme\/fr\/accueil\/","title":{"rendered":"ACCUEIL"},"content":{"rendered":"<h1>HARMONIE MUNICIPALE ECHTERNACH<\/h1>\n<h2>Eechternoacher Stadmusik<\/h2>\n<p>\t\t\t<a href=\"#actualites\" role=\"button\"><br \/>\n\t\t\t\t\t\tActualit\u00e9s<br \/>\n\t\t\t\t\t<\/a><\/p>\n<h5>Actualit\u00e9s<\/h5>\n<h2>Notre saison 2023<\/h2>\n<p>\t\t\t\t\t\t\t\t\t\t\t\t<img loading=\"lazy\" decoding=\"async\" width=\"474\" height=\"324\" src=\"https:\/\/hme.lu\/hme\/wp-content\/uploads\/2020\/02\/njc-20action-474x324.jpg\" alt=\"\" loading=\"lazy\" \/>\t\t\t\t\t\t\t\t\t\t\t\t\t\t<\/p>\n<h3>TriCoFiKa <\/h3>\n<h2>25.03.2023<\/h2>\n<ul>\n<li>\n\t\t\t\t\t\t\t\t\t\t10:30\n\t\t\t\t\t\t\t\t\t<\/li>\n<li>\n\t\t\t\t\t\t\t\t\t\tentr\u00e9e libre\n\t\t\t\t\t\t\t\t\t<\/li>\n<li>\n\t\t\t\t\t\t\t\t\t\tpour les petits\n\t\t\t\t\t\t\t\t\t<\/li>\n<\/ul>\n<p>\t\t\t\t\t\t\t\t\t\t\t\t<img loading=\"lazy\" decoding=\"async\" width=\"474\" height=\"324\" src=\"https:\/\/hme.lu\/hme\/wp-content\/uploads\/2020\/02\/njc-20-dynamesch-474x324.jpg\" alt=\"\" loading=\"lazy\" \/>\t\t\t\t\t\t\t\t\t\t\t\t\t\t<\/p>\n<h3>Concert de printemps<\/h3>\n<h2>06.05.2023<\/h2>\n<ul>\n<li>\n\t\t\t\t\t\t\t\t\t\t20:00\n\t\t\t\t\t\t\t\t\t<\/li>\n<li>\n\t\t\t\t\t\t\t\t\t\tCentre Culturel, Biergem\n\t\t\t\t\t\t\t\t\t<\/li>\n<li>\n\t\t\t\t\t\t\t\t\t\tavec la Monnerecher Musek\n\t\t\t\t\t\t\t\t\t<\/li>\n<\/ul>\n<p>\t\t\t<a href=\"https:\/\/monnerecher-musek.net\/event\/freijoersconcert-2\/\" target=\"_blank\" role=\"button\" rel=\"noopener\"><br \/>\n\t\t\t\t\t\tplus d&#8217;infos<br \/>\n\t\t\t\t\t<\/a><br \/>\n\t\t\t\t\t\t\t\t\t\t\t\t<img loading=\"lazy\" decoding=\"async\" width=\"474\" height=\"324\" src=\"https:\/\/hme.lu\/hme\/wp-content\/uploads\/2020\/02\/njc-20-party-474x324.jpg\" alt=\"\" loading=\"lazy\" \/>\t\t\t\t\t\t\t\t\t\t\t\t\t\t<\/p>\n<h3>Music Open<\/h3>\n<h2>27.05.2023<\/h2>\n<ul>\n<li>\n\t\t\t\t\t\t\t\t\t\t20:00\n\t\t\t\t\t\t\t\t\t<\/li>\n<li>\n\t\t\t\t\t\t\t\t\t\tTrifolion Echternach\n\t\t\t\t\t\t\t\t\t<\/li>\n<\/ul>\n<p>\t\t\t\t\t\t\t\t\t\t\t\t<img loading=\"lazy\" decoding=\"async\" width=\"474\" height=\"324\" src=\"https:\/\/hme.lu\/hme\/wp-content\/uploads\/2020\/02\/cortege-474x324.jpg\" alt=\"\" loading=\"lazy\" \/>\t\t\t\t\t\t\t\t\t\t\t\t\t\t<\/p>\n<h3>Procession dansante<\/h3>\n<h2>30.05.2023<\/h2>\n<ul>\n<li>\n\t\t\t\t\t\t\t\t\t\t09:00 -15:00\n\t\t\t\t\t\t\t\t\t<\/li>\n<li>\n\t\t\t\t\t\t\t\t\t\tEchternach\n\t\t\t\t\t\t\t\t\t<\/li>\n<\/ul>\n<p>\t\t\t<a href=\"https:\/\/web.cathol.lu\/2\/mouvements\/oeuvre-saint-willibrord\/willibrordus-bauverein\/springprozession\" target=\"_blank\" role=\"button\" rel=\"noopener\"><br \/>\n\t\t\t\t\t\tcathol.lu<br \/>\n\t\t\t\t\t<\/a><\/p>\n<h5>Highlights<\/h5>\n<h2>Une r\u00e9trospective des derni\u00e8res ann\u00e9es<\/h2>\n<h4><a href=\"https:\/\/hme.lu\/hme\/wp-content\/uploads\/2019\/09\/IMG_5431.jpg\">Tourn\u00e9e de Concerts \u00e0 Munich 2019<\/a><\/h4>\n<p>\t\t<a style=\"color: #adadad;\" href=\"https:\/\/hme.lu\/hme\/wp-content\/uploads\/2019\/09\/IMG_5431.jpg\">Visite du ch\u0153ur partenaire Jubilate de Zorneding &gt;&gt;<\/a>\t\t<\/p>\n<h4><a href=\"https:\/\/hme.lu\/hme\/wp-content\/uploads\/2019\/09\/67082123_2542644649130062_7721003669398749184_o.jpg\">EchterLive 2019<\/a><\/h4>\n<p>\t\t<a style=\"color: #adadad;\" href=\"https:\/\/hme.lu\/hme\/wp-content\/uploads\/2019\/09\/67082123_2542644649130062_7721003669398749184_o.jpg\">Concert en plein air avec Serge Tonnar et Legotrip &gt;&gt;<\/a>\t\t<\/p>\n<h4><a href=\"https:\/\/hme.lu\/hme\/wp-content\/uploads\/2019\/09\/Basilikakonzert-17_2.jpg\">FEstival International Echternach 2017<br \/>\n<\/a><\/h4>\n<p>\t\t<a style=\"color: #adadad;\" href=\"https:\/\/hme.lu\/hme\/wp-content\/uploads\/2019\/09\/Basilikakonzert-17_2.jpg\">Concert conjoint avec le ch\u0153ur Jubilate de Zorneding dans la Basilique d&#8217;Echternach &gt;&gt;<\/a>\t\t<\/p>\n<h4><a href=\"https:\/\/hme.lu\/hme\/wp-content\/uploads\/2019\/09\/150710-HME-104-von-110.jpg\">FEstival International Echternach 2015<\/a><\/h4>\n<p>\t\t<a style=\"color: #adadad;\" href=\"https:\/\/hme.lu\/hme\/wp-content\/uploads\/2019\/09\/150710-HME-104-von-110.jpg\">Ouverture 1812 de Tchaikowsky &gt;&gt;<\/a>\t\t<\/p>\n<h4><a href=\"https:\/\/hme.lu\/hme\/wp-content\/uploads\/2019\/09\/10362808_450382001764754_4218308145578395476_o.jpg\">FEstival International Echternach 2014<\/a><\/h4>\n<p>\t\t<a style=\"color: #adadad;\" href=\"https:\/\/hme.lu\/hme\/wp-content\/uploads\/2019\/09\/10362808_450382001764754_4218308145578395476_o.jpg\">Beethoven Concerto pour Piano avec Cyprien Katsaris &gt;&gt;<\/a>\t\t<\/p>\n<h4><a href=\"https:\/\/hme.lu\/hme\/wp-content\/uploads\/2019\/09\/Harmonie_-_Carmina_Burana_juil_2012_-_41.jpg\">Semaine musicale 2012 &#8211; 140 Ans HME<\/a><\/h4>\n<p>\t\t<a style=\"color: #adadad;\" href=\"https:\/\/hme.lu\/hme\/wp-content\/uploads\/2019\/09\/10362808_450382001764754_4218308145578395476_o.jpg\">Carmina Burana de Carl Orff &gt;&gt;<\/a><\/p>\n<h2>Une chronique<br \/><em>des moments forts de l&#8217;HME<\/em><em><br \/><\/em> se trouve ici.<\/h2>\n<p>\t\t\t<a href=\"http:\/\/www.hme.lu\/hme\/chronik\/\" role=\"button\"><br \/>\n\t\t\t\t\t\tchronique<br \/>\n\t\t\t\t\t<\/a><\/p>\n<h5>Participer<\/h5>\n<h2>Comment devenir actif<\/h2>\n<p>\t\t\t\t\t\t\t\t\t\t\t\t<img loading=\"lazy\" decoding=\"async\" width=\"2121\" height=\"1415\" src=\"https:\/\/hme.lu\/hme\/wp-content\/uploads\/2019\/09\/HME-Neijaouers-Concert_trb_klein.jpg\" alt=\"\" loading=\"lazy\" srcset=\"https:\/\/hme.lu\/hme\/wp-content\/uploads\/2019\/09\/HME-Neijaouers-Concert_trb_klein.jpg 2121w, https:\/\/hme.lu\/hme\/wp-content\/uploads\/2019\/09\/HME-Neijaouers-Concert_trb_klein-300x200.jpg 300w, https:\/\/hme.lu\/hme\/wp-content\/uploads\/2019\/09\/HME-Neijaouers-Concert_trb_klein-768x512.jpg 768w, https:\/\/hme.lu\/hme\/wp-content\/uploads\/2019\/09\/HME-Neijaouers-Concert_trb_klein-1024x683.jpg 1024w, https:\/\/hme.lu\/hme\/wp-content\/uploads\/2019\/09\/HME-Neijaouers-Concert_trb_klein-391x260.jpg 391w\" sizes=\"auto, (max-width: 2121px) 100vw, 2121px\" \/>\t\t\t\t\t\t\t\t\t\t\t\t\t\t<\/p>\n<h4>Rejoignez-nous!<\/h4>\n<p>Nous sommes toujours heureux de voir des nouveaux visages. N&#8217;h\u00e9sitez pas \u00e0 nous contacter ou \u00e0 venir nous voir lors d&#8217;une r\u00e9p\u00e9tition.<\/p>\n<p><strong>Si vous n&#8217;avez pas encore trouv\u00e9 le bon instrument, <a href=\"http:\/\/emechternach.com\/\" target=\"_blank\" rel=\"noopener\">l&#8217;\u00e9cole de musique d&#8217;Echternach<\/a> et l&#8217;orchestre se feront un plaisir de vous aider.<\/strong><\/p>\n<p>\t\t\t<a href=\"mailto:secretariat@hme.lu\" role=\"button\"><br \/>\n\t\t\t\t\t\tContact<br \/>\n\t\t\t\t\t<\/a><\/p>\n<h5>Sponsors &amp; collaborateurs<\/h5>\n<h2>Merci beaucoup!<\/h2>\n<figure><img decoding=\"async\" src=\"https:\/\/hme.lu\/hme\/wp-content\/uploads\/2019\/12\/logo_fond-blanc-avec-ombre-et-site-Copie-Copie2-300x69.jpg\" alt=\"logo_fond blanc\" \/><\/figure>\n<figure><img decoding=\"async\" src=\"https:\/\/hme.lu\/hme\/wp-content\/uploads\/2019\/12\/ZDK_Langer_2019-300x115.png\" alt=\"ZDK_Langer_2019\" \/><\/figure>\n<figure><img decoding=\"async\" src=\"https:\/\/hme.lu\/hme\/wp-content\/uploads\/2019\/12\/La_Grappe_d_Or-Caves_au_Porto_Roi-2019-300x116.png\" alt=\"La_Grappe_d_Or-Caves_au_Porto_Roi-2019\" \/><\/figure>\n<figure><img decoding=\"async\" src=\"https:\/\/hme.lu\/hme\/wp-content\/uploads\/2019\/12\/Autoglas_2019-300x116.png\" alt=\"Autoglas_2019\" \/><\/figure>\n<figure><img decoding=\"async\" src=\"https:\/\/hme.lu\/hme\/wp-content\/uploads\/2019\/12\/BGL_BNP_Paribas_Logo_2019-300x208.png\" alt=\"BGL_BNP_Paribas_Logo_2019\" \/><\/figure>\n<figure><img decoding=\"async\" src=\"https:\/\/hme.lu\/hme\/wp-content\/uploads\/2019\/12\/Maxpoint_Flyer-205x300.jpg\" alt=\"Maxpoint_Flyer\" \/><\/figure>\n<figure><img decoding=\"async\" src=\"https:\/\/hme.lu\/hme\/wp-content\/uploads\/2019\/12\/Bureau_Moderne_Logo_2019-200x300.png\" alt=\"Bureau_Moderne_Logo_2019\" \/><\/figure>\n<p>\t\t\t\t\t\t\t\t\t\t\t\tZur\u00fcck<br \/>\n\t\t\t\t\t\t\t\t\t\t\t\tWeiter<\/p>\n<h3>Tous nos supporters et partenaires en un coup d&#8217;\u0153il<\/h3>\n<p>\t\t\t<a href=\"https:\/\/www.hme.lu\/hme\/fr\/supporters\" role=\"button\"><br \/>\n\t\t\t\t\t\tNos Supporters<br \/>\n\t\t\t\t\t<\/a><\/p>\n","protected":false},"excerpt":{"rendered":"<p>HARMONIE MUNICIPALE ECHTERNACH Eechternoacher Stadmusik Actualit\u00e9s Actualit\u00e9s Notre saison 2023 TriCoFiKa 25.03.2023 10:30 entr\u00e9e libre pour les petits Concert de printemps 06.05.2023 20:00 Centre Culturel, Biergem avec la Monnerecher Musek plus d&#8217;infos Music Open 27.05.2023 20:00 Trifolion Echternach Procession dansante 30.05.2023 09:00 -15:00 Echternach cathol.lu Highlights Une r\u00e9trospective des derni\u00e8res ann\u00e9es Tourn\u00e9e de Concerts \u00e0 &hellip;<\/p>\n<p class=\"read-more\"> <a class=\"\" href=\"https:\/\/hme.lu\/hme\/fr\/accueil\/\"> <span class=\"screen-reader-text\">ACCUEIL<\/span> Weiterlesen &raquo;<\/a><\/p>\n","protected":false},"author":1,"featured_media":0,"parent":0,"menu_order":0,"comment_status":"closed","ping_status":"closed","template":"","meta":{"_uag_custom_page_level_css":"","site-sidebar-layout":"no-sidebar","site-content-layout":"page-builder","ast-global-header-display":"","ast-main-header-display":"","ast-hfb-above-header-display":"","ast-hfb-below-header-display":"","ast-hfb-mobile-header-display":"","site-post-title":"disabled","ast-breadcrumbs-content":"","ast-featured-img":"disabled","footer-sml-layout":"","theme-transparent-header-meta":"enabled","adv-header-id-meta":"","stick-header-meta":"","header-above-stick-meta":"","header-main-stick-meta":"","header-below-stick-meta":"","footnotes":""},"class_list":["post-530","page","type-page","status-publish","hentry"],"uagb_featured_image_src":{"full":false,"thumbnail":false,"medium":false,"medium_large":false,"large":false,"1536x1536":false,"2048x2048":false},"uagb_author_info":{"display_name":"adminjo","author_link":"https:\/\/hme.lu\/hme\/blog\/author\/adminjo\/"},"uagb_comment_info":0,"uagb_excerpt":"HARMONIE MUNICIPALE ECHTERNACH Eechternoacher Stadmusik Actualit\u00e9s Actualit\u00e9s Notre saison 2023 TriCoFiKa 25.03.2023 10:30 entr\u00e9e libre pour les petits Concert de printemps 06.05.2023 20:00 Centre Culturel, Biergem avec la Monnerecher Musek plus d&#8217;infos Music Open 27.05.2023 20:00 Trifolion Echternach Procession dansante 30.05.2023 09:00 -15:00 Echternach cathol.lu Highlights Une r\u00e9trospective des derni\u00e8res ann\u00e9es Tourn\u00e9e de Concerts \u00e0&hellip;","_links":{"self":[{"href":"https:\/\/hme.lu\/hme\/wp-json\/wp\/v2\/pages\/530","targetHints":{"allow":["GET"]}}],"collection":[{"href":"https:\/\/hme.lu\/hme\/wp-json\/wp\/v2\/pages"}],"about":[{"href":"https:\/\/hme.lu\/hme\/wp-json\/wp\/v2\/types\/page"}],"author":[{"embeddable":true,"href":"https:\/\/hme.lu\/hme\/wp-json\/wp\/v2\/users\/1"}],"replies":[{"embeddable":true,"href":"https:\/\/hme.lu\/hme\/wp-json\/wp\/v2\/comments?post=530"}],"version-history":[{"count":92,"href":"https:\/\/hme.lu\/hme\/wp-json\/wp\/v2\/pages\/530\/revisions"}],"predecessor-version":[{"id":2663,"href":"https:\/\/hme.lu\/hme\/wp-json\/wp\/v2\/pages\/530\/revisions\/2663"}],"wp:attachment":[{"href":"https:\/\/hme.lu\/hme\/wp-json\/wp\/v2\/media?parent=530"}],"curies":[{"name":"wp","href":"https:\/\/api.w.org\/{rel}","templated":true}]}}