{"id":363,"date":"2018-11-26T12:46:44","date_gmt":"2018-11-26T12:46:44","guid":{"rendered":"https:\/\/websitedemos.net\/alex26\/?page_id=9"},"modified":"2026-03-09T06:41:15","modified_gmt":"2026-03-09T06:41:15","slug":"jugend","status":"publish","type":"page","link":"https:\/\/hme.lu\/hme\/jugend\/","title":{"rendered":"JUGENDORCHESTER"},"content":{"rendered":"\t\t<div data-elementor-type=\"wp-post\" data-elementor-id=\"363\" class=\"elementor elementor-363\">\n\t\t\t\t\t\t<section class=\"elementor-section elementor-top-section elementor-element elementor-element-8e491de elementor-section-content-middle elementor-section-boxed elementor-section-height-default elementor-section-height-default\" data-id=\"8e491de\" data-element_type=\"section\" data-settings=\"{&quot;background_background&quot;:&quot;classic&quot;}\">\n\t\t\t\t\t\t\t<div class=\"elementor-background-overlay\"><\/div>\n\t\t\t\t\t\t\t<div class=\"elementor-container elementor-column-gap-no\">\n\t\t\t\t\t<div class=\"elementor-column elementor-col-100 elementor-top-column elementor-element elementor-element-fb027eb\" data-id=\"fb027eb\" data-element_type=\"column\">\n\t\t\t<div class=\"elementor-widget-wrap elementor-element-populated\">\n\t\t\t\t\t\t<div class=\"elementor-element elementor-element-02d282c elementor-widget elementor-widget-heading\" data-id=\"02d282c\" data-element_type=\"widget\" data-widget_type=\"heading.default\">\n\t\t\t\t<div class=\"elementor-widget-container\">\n\t\t\t<h1 class=\"elementor-heading-title elementor-size-default\">HarMunEch H\u00e4melmaousbl\u00e9iser\u200b<\/h1>\t\t<\/div>\n\t\t\t\t<\/div>\n\t\t\t\t<div class=\"elementor-element elementor-element-5cf0b22 elementor-align-center elementor-widget elementor-widget-button\" data-id=\"5cf0b22\" data-element_type=\"widget\" data-widget_type=\"button.default\">\n\t\t\t\t<div class=\"elementor-widget-container\">\n\t\t\t\t\t<div class=\"elementor-button-wrapper\">\n\t\t\t<a class=\"elementor-button elementor-button-link elementor-size-xs\" href=\"#anchor\">\n\t\t\t\t\t\t<span class=\"elementor-button-content-wrapper\">\n\t\t\t\t\t\t<span class=\"elementor-button-text\">aktuelles<\/span>\n\t\t<\/span>\n\t\t\t\t\t<\/a>\n\t\t<\/div>\n\t\t\t\t<\/div>\n\t\t\t\t<\/div>\n\t\t\t\t\t<\/div>\n\t\t<\/div>\n\t\t\t\t\t<\/div>\n\t\t<\/section>\n\t\t\t\t<section class=\"elementor-section elementor-top-section elementor-element elementor-element-c1347c5 elementor-section-boxed elementor-section-height-default elementor-section-height-default\" data-id=\"c1347c5\" data-element_type=\"section\">\n\t\t\t\t\t\t<div class=\"elementor-container elementor-column-gap-default\">\n\t\t\t\t\t<div class=\"elementor-column elementor-col-100 elementor-top-column elementor-element elementor-element-01eeb1e\" data-id=\"01eeb1e\" data-element_type=\"column\">\n\t\t\t<div class=\"elementor-widget-wrap elementor-element-populated\">\n\t\t\t\t\t\t<section class=\"elementor-section elementor-inner-section elementor-element elementor-element-908690d elementor-section-boxed elementor-section-height-default elementor-section-height-default\" data-id=\"908690d\" data-element_type=\"section\">\n\t\t\t\t\t\t<div class=\"elementor-container elementor-column-gap-default\">\n\t\t\t\t\t<div class=\"elementor-column elementor-col-50 elementor-inner-column elementor-element elementor-element-a77006f\" data-id=\"a77006f\" data-element_type=\"column\">\n\t\t\t<div class=\"elementor-widget-wrap elementor-element-populated\">\n\t\t\t\t\t\t<div class=\"elementor-element elementor-element-a7bf03a elementor-widget elementor-widget-heading\" data-id=\"a7bf03a\" data-element_type=\"widget\" data-widget_type=\"heading.default\">\n\t\t\t\t<div class=\"elementor-widget-container\">\n\t\t\t<h5 class=\"elementor-heading-title elementor-size-default\">HHB<\/h5>\t\t<\/div>\n\t\t\t\t<\/div>\n\t\t\t\t<div class=\"elementor-element elementor-element-3b1baea elementor-widget elementor-widget-heading\" data-id=\"3b1baea\" data-element_type=\"widget\" data-widget_type=\"heading.default\">\n\t\t\t\t<div class=\"elementor-widget-container\">\n\t\t\t<h2 class=\"elementor-heading-title elementor-size-default\">VISITEKAART<\/h2>\t\t<\/div>\n\t\t\t\t<\/div>\n\t\t\t\t<div class=\"elementor-element elementor-element-44f8cc1 elementor-widget elementor-widget-image\" data-id=\"44f8cc1\" data-element_type=\"widget\" data-widget_type=\"image.default\">\n\t\t\t\t<div class=\"elementor-widget-container\">\n\t\t\t\t\t\t\t\t\t\t\t\t\t<img fetchpriority=\"high\" decoding=\"async\" width=\"300\" height=\"300\" src=\"https:\/\/hme.lu\/hme\/wp-content\/uploads\/2019\/08\/Haemelmaousbleiser_logo-300x300.jpg\" class=\"attachment-medium size-medium wp-image-719\" alt=\"\" srcset=\"https:\/\/hme.lu\/hme\/wp-content\/uploads\/2019\/08\/Haemelmaousbleiser_logo-300x300.jpg 300w, https:\/\/hme.lu\/hme\/wp-content\/uploads\/2019\/08\/Haemelmaousbleiser_logo-150x150.jpg 150w, https:\/\/hme.lu\/hme\/wp-content\/uploads\/2019\/08\/Haemelmaousbleiser_logo-768x768.jpg 768w, https:\/\/hme.lu\/hme\/wp-content\/uploads\/2019\/08\/Haemelmaousbleiser_logo.jpg 892w\" sizes=\"(max-width: 300px) 100vw, 300px\" \/>\t\t\t\t\t\t\t\t\t\t\t\t\t<\/div>\n\t\t\t\t<\/div>\n\t\t\t\t\t<\/div>\n\t\t<\/div>\n\t\t\t\t<div class=\"elementor-column elementor-col-50 elementor-inner-column elementor-element elementor-element-dc5b0dd\" data-id=\"dc5b0dd\" data-element_type=\"column\">\n\t\t\t<div class=\"elementor-widget-wrap elementor-element-populated\">\n\t\t\t\t\t\t<div class=\"elementor-element elementor-element-18d946c elementor-widget elementor-widget-text-editor\" data-id=\"18d946c\" data-element_type=\"widget\" data-widget_type=\"text-editor.default\">\n\t\t\t\t<div class=\"elementor-widget-container\">\n\t\t\t\t\t\t\t<p>Am Joer 2000 ass eise Jugendorchester gegr\u00ebnnt ginn. Mat d\u00ebsem Orchester w\u00eblle mir jonke Musikanten d&#8216; M\u00e9iglechkeet gi fir fr\u00e9i mat Instrumenter aus anere Reg\u00ebster zesummen ze spillen an esou hiert Orchestergeh\u00e9ier ze train\u00e9ieren. Ausserdeem m\u00e9cht dat gemeinsamt Musiz\u00e9ieren an enger grousser Grupp vill Spaass an erh\u00e4lt d&#8216; Freed um Musiz\u00e9ieren op laang Z\u00e4it.<\/p><p>Am Moment g\u00ebtt d\u00ebsen Orchester vum Robin Moll geleet. Mat him zesumme prouwen d\u2018 HarMunEch H\u00e4melmaousbl\u00e9iser (HHB) gew\u00ebssenhaft hir ofwiesslungsr\u00e4ich St\u00e9cker.<\/p>\t\t\t\t\t\t<\/div>\n\t\t\t\t<\/div>\n\t\t\t\t<div class=\"elementor-element elementor-element-77fba9f elementor-widget elementor-widget-text-editor\" data-id=\"77fba9f\" data-element_type=\"widget\" data-widget_type=\"text-editor.default\">\n\t\t\t\t<div class=\"elementor-widget-container\">\n\t\t\t\t\t\t\t<p>Mir prouwen \u00ebmmer Freides vun 19.00 &#8211; 19.45 am HME Sall um dr\u00ebtte Stack vun der Iechternacher Museksschoul.<\/p>\t\t\t\t\t\t<\/div>\n\t\t\t\t<\/div>\n\t\t\t\t<div class=\"elementor-element elementor-element-0547c51 elementor-shape-rounded elementor-grid-0 e-grid-align-center elementor-widget elementor-widget-social-icons\" data-id=\"0547c51\" data-element_type=\"widget\" data-widget_type=\"social-icons.default\">\n\t\t\t\t<div class=\"elementor-widget-container\">\n\t\t\t\t\t<div class=\"elementor-social-icons-wrapper elementor-grid\">\n\t\t\t\t\t\t\t<span class=\"elementor-grid-item\">\n\t\t\t\t\t<a class=\"elementor-icon elementor-social-icon elementor-social-icon-facebook-f elementor-repeater-item-674232e\" href=\"https:\/\/www.facebook.com\/HarMunEch-H%C3%A4melmaousbl%C3%A9iser-155443055057358\/?hc_ref=ART6QZaSoj8a1nA6GguzsmpAyBLFvPZIxnH7v3ViQ_uo5ssIIEw_qey59SoPfS2QxSU&#038;__xts__%5B0%5D=68.ARAFsa9gC7U9ZgHiCLKzv_4sPQbjsh5KXG0IPuA6N7GjCufNxRMPUzE2TM_Ghjc79wNdRxrcF9vEHm2J0dAxAqhrZ9-TLewCxwpLukhiMs6V8D1rrM314pCKH23LQ7Udpd6VyxLUjajEPtRtIHC4lEjSZ-qy0fZ5GY7dGiBTPdXjU_lSBh8RF1vTKIUIU48m0u2GFdMIrq3wAUfgoKl6p7_C3uoeUrTvSG_biZd0kn-KcGKOHIRk0eHrIqEPw5h7UwfhAoUVxw&#038;__tn__=kC-R\" target=\"_blank\">\n\t\t\t\t\t\t<span class=\"elementor-screen-only\">Facebook-f<\/span>\n\t\t\t\t\t\t<i class=\"fab fa-facebook-f\"><\/i>\t\t\t\t\t<\/a>\n\t\t\t\t<\/span>\n\t\t\t\t\t\t\t<span class=\"elementor-grid-item\">\n\t\t\t\t\t<a class=\"elementor-icon elementor-social-icon elementor-social-icon-at elementor-repeater-item-11e0e1f\" href=\"mailto:haemelmaousbleiser@hme.lu\">\n\t\t\t\t\t\t<span class=\"elementor-screen-only\">At<\/span>\n\t\t\t\t\t\t<i class=\"fas fa-at\"><\/i>\t\t\t\t\t<\/a>\n\t\t\t\t<\/span>\n\t\t\t\t\t<\/div>\n\t\t\t\t<\/div>\n\t\t\t\t<\/div>\n\t\t\t\t\t<\/div>\n\t\t<\/div>\n\t\t\t\t\t<\/div>\n\t\t<\/section>\n\t\t\t\t\t<\/div>\n\t\t<\/div>\n\t\t\t\t\t<\/div>\n\t\t<\/section>\n\t\t\t\t<section class=\"elementor-section elementor-top-section elementor-element elementor-element-c8d0bd7 elementor-section-content-top elementor-section-boxed elementor-section-height-default elementor-section-height-default\" data-id=\"c8d0bd7\" data-element_type=\"section\" data-settings=\"{&quot;background_background&quot;:&quot;classic&quot;}\">\n\t\t\t\t\t\t<div class=\"elementor-container elementor-column-gap-no\">\n\t\t\t\t\t<div class=\"elementor-column elementor-col-50 elementor-top-column elementor-element elementor-element-a75aed1\" data-id=\"a75aed1\" data-element_type=\"column\">\n\t\t\t<div class=\"elementor-widget-wrap elementor-element-populated\">\n\t\t\t\t\t\t<div class=\"elementor-element elementor-element-2039bf5 elementor-widget elementor-widget-image\" data-id=\"2039bf5\" data-element_type=\"widget\" data-widget_type=\"image.default\">\n\t\t\t\t<div class=\"elementor-widget-container\">\n\t\t\t\t\t\t\t\t\t\t\t\t\t<img decoding=\"async\" width=\"1199\" height=\"800\" src=\"https:\/\/hme.lu\/hme\/wp-content\/uploads\/2019\/08\/HME-H\u00e4melmausbl\u00e9iser-fb-\u00a9-Pierre-Weber-8.jpg\" class=\"attachment-full size-full wp-image-670\" alt=\"\" srcset=\"https:\/\/hme.lu\/hme\/wp-content\/uploads\/2019\/08\/HME-H\u00e4melmausbl\u00e9iser-fb-\u00a9-Pierre-Weber-8.jpg 1199w, https:\/\/hme.lu\/hme\/wp-content\/uploads\/2019\/08\/HME-H\u00e4melmausbl\u00e9iser-fb-\u00a9-Pierre-Weber-8-300x200.jpg 300w, https:\/\/hme.lu\/hme\/wp-content\/uploads\/2019\/08\/HME-H\u00e4melmausbl\u00e9iser-fb-\u00a9-Pierre-Weber-8-768x512.jpg 768w, https:\/\/hme.lu\/hme\/wp-content\/uploads\/2019\/08\/HME-H\u00e4melmausbl\u00e9iser-fb-\u00a9-Pierre-Weber-8-1024x683.jpg 1024w, https:\/\/hme.lu\/hme\/wp-content\/uploads\/2019\/08\/HME-H\u00e4melmausbl\u00e9iser-fb-\u00a9-Pierre-Weber-8-391x260.jpg 391w\" sizes=\"(max-width: 1199px) 100vw, 1199px\" \/>\t\t\t\t\t\t\t\t\t\t\t\t\t<\/div>\n\t\t\t\t<\/div>\n\t\t\t\t<div class=\"elementor-element elementor-element-eeec695 elementor-widget elementor-widget-heading\" data-id=\"eeec695\" data-element_type=\"widget\" data-widget_type=\"heading.default\">\n\t\t\t\t<div class=\"elementor-widget-container\">\n\t\t\t<h4 class=\"elementor-heading-title elementor-size-default\">MATSPILLen<\/h4>\t\t<\/div>\n\t\t\t\t<\/div>\n\t\t\t\t<div class=\"elementor-element elementor-element-4321ad0 elementor-widget elementor-widget-text-editor\" data-id=\"4321ad0\" data-element_type=\"widget\" data-widget_type=\"text-editor.default\">\n\t\t\t\t<div class=\"elementor-widget-container\">\n\t\t\t\t\t\t\t<p>Mir free\u00ebn eis \u00ebmmer iwwer nei Gesiichter. Komm einfach laanscht an eng Prouf oder <a href=\"mailto:haemelmaousbleiser@hme.lu\">m\u00ebll Dech bei eis<\/a>.<\/p>\t\t\t\t\t\t<\/div>\n\t\t\t\t<\/div>\n\t\t\t\t<div class=\"elementor-element elementor-element-13f37c9 elementor-widget elementor-widget-text-editor\" data-id=\"13f37c9\" data-element_type=\"widget\" data-widget_type=\"text-editor.default\">\n\t\t\t\t<div class=\"elementor-widget-container\">\n\t\t\t\t\t\t\t<p>Och wann s Du r\u00e4icht viru Kuerzem deng Begeeschterung fir d&#8216; Musek entdeckt hues, fanne mir best\u00ebmmt eng flott St\u00ebmm fir Dech. All musikalesch \u00cbnnerst\u00ebtzung freet eis.<\/p>\t\t\t\t\t\t<\/div>\n\t\t\t\t<\/div>\n\t\t\t\t\t<\/div>\n\t\t<\/div>\n\t\t\t\t<div class=\"elementor-column elementor-col-50 elementor-top-column elementor-element elementor-element-56518f7\" data-id=\"56518f7\" data-element_type=\"column\">\n\t\t\t<div class=\"elementor-widget-wrap elementor-element-populated\">\n\t\t\t\t\t\t<div class=\"elementor-element elementor-element-c643de0 elementor-widget elementor-widget-image\" data-id=\"c643de0\" data-element_type=\"widget\" data-widget_type=\"image.default\">\n\t\t\t\t<div class=\"elementor-widget-container\">\n\t\t\t\t\t\t\t\t\t\t\t\t\t<img decoding=\"async\" width=\"1199\" height=\"800\" src=\"https:\/\/hme.lu\/hme\/wp-content\/uploads\/2019\/08\/HME-H\u00e4melmausbl\u00e9iser-fb-\u00a9-Pierre-Weber-7.jpg\" class=\"attachment-full size-full wp-image-671\" alt=\"\" srcset=\"https:\/\/hme.lu\/hme\/wp-content\/uploads\/2019\/08\/HME-H\u00e4melmausbl\u00e9iser-fb-\u00a9-Pierre-Weber-7.jpg 1199w, https:\/\/hme.lu\/hme\/wp-content\/uploads\/2019\/08\/HME-H\u00e4melmausbl\u00e9iser-fb-\u00a9-Pierre-Weber-7-300x200.jpg 300w, https:\/\/hme.lu\/hme\/wp-content\/uploads\/2019\/08\/HME-H\u00e4melmausbl\u00e9iser-fb-\u00a9-Pierre-Weber-7-768x512.jpg 768w, https:\/\/hme.lu\/hme\/wp-content\/uploads\/2019\/08\/HME-H\u00e4melmausbl\u00e9iser-fb-\u00a9-Pierre-Weber-7-1024x683.jpg 1024w, https:\/\/hme.lu\/hme\/wp-content\/uploads\/2019\/08\/HME-H\u00e4melmausbl\u00e9iser-fb-\u00a9-Pierre-Weber-7-391x260.jpg 391w\" sizes=\"(max-width: 1199px) 100vw, 1199px\" \/>\t\t\t\t\t\t\t\t\t\t\t\t\t<\/div>\n\t\t\t\t<\/div>\n\t\t\t\t<div class=\"elementor-element elementor-element-336d23e elementor-widget elementor-widget-heading\" data-id=\"336d23e\" data-element_type=\"widget\" data-widget_type=\"heading.default\">\n\t\t\t\t<div class=\"elementor-widget-container\">\n\t\t\t<h4 class=\"elementor-heading-title elementor-size-default\">Aussermusekalesch AktivitEiten<\/h4>\t\t<\/div>\n\t\t\t\t<\/div>\n\t\t\t\t<div class=\"elementor-element elementor-element-81e55d7 elementor-widget elementor-widget-text-editor\" data-id=\"81e55d7\" data-element_type=\"widget\" data-widget_type=\"text-editor.default\">\n\t\t\t\t<div class=\"elementor-widget-container\">\n\t\t\t\t\t\t\t<p>Et g\u00ebtt bei eis net n\u00ebmme geprouft. Mir hunn och ouni eis Instrumenter Freed mateneen.<\/p>\t\t\t\t\t\t<\/div>\n\t\t\t\t<\/div>\n\t\t\t\t<div class=\"elementor-element elementor-element-5d7c9bc elementor-widget elementor-widget-text-editor\" data-id=\"5d7c9bc\" data-element_type=\"widget\" data-widget_type=\"text-editor.default\">\n\t\t\t\t<div class=\"elementor-widget-container\">\n\t\t\t\t\t\t\t<p>Um \u00cbnn vun der Saison gi mir zBsp Grillen, Kanu fueren, an de Kloterpark, Beachvolleyball spillen&#8230;fir eisen Asatz an Usatz ze belounen.<\/p>\t\t\t\t\t\t<\/div>\n\t\t\t\t<\/div>\n\t\t\t\t\t<\/div>\n\t\t<\/div>\n\t\t\t\t\t<\/div>\n\t\t<\/section>\n\t\t\t\t<section class=\"elementor-section elementor-top-section elementor-element elementor-element-b54922e elementor-section-content-top elementor-section-boxed elementor-section-height-default elementor-section-height-default\" data-id=\"b54922e\" data-element_type=\"section\" data-settings=\"{&quot;background_background&quot;:&quot;classic&quot;}\">\n\t\t\t\t\t\t<div class=\"elementor-container elementor-column-gap-no\">\n\t\t\t\t\t<div class=\"elementor-column elementor-col-50 elementor-top-column elementor-element elementor-element-d8086de\" data-id=\"d8086de\" data-element_type=\"column\">\n\t\t\t<div class=\"elementor-widget-wrap elementor-element-populated\">\n\t\t\t\t\t\t<div class=\"elementor-element elementor-element-9aa6471 elementor-widget elementor-widget-image\" data-id=\"9aa6471\" data-element_type=\"widget\" data-widget_type=\"image.default\">\n\t\t\t\t<div class=\"elementor-widget-container\">\n\t\t\t\t\t\t\t\t\t\t\t\t\t<img loading=\"lazy\" decoding=\"async\" width=\"1199\" height=\"800\" src=\"https:\/\/hme.lu\/hme\/wp-content\/uploads\/2019\/08\/HME-H\u00e4melmausbl\u00e9iser-fb-\u00a9-Pierre-Weber-9.jpg\" class=\"attachment-full size-full wp-image-672\" alt=\"\" srcset=\"https:\/\/hme.lu\/hme\/wp-content\/uploads\/2019\/08\/HME-H\u00e4melmausbl\u00e9iser-fb-\u00a9-Pierre-Weber-9.jpg 1199w, https:\/\/hme.lu\/hme\/wp-content\/uploads\/2019\/08\/HME-H\u00e4melmausbl\u00e9iser-fb-\u00a9-Pierre-Weber-9-300x200.jpg 300w, https:\/\/hme.lu\/hme\/wp-content\/uploads\/2019\/08\/HME-H\u00e4melmausbl\u00e9iser-fb-\u00a9-Pierre-Weber-9-768x512.jpg 768w, https:\/\/hme.lu\/hme\/wp-content\/uploads\/2019\/08\/HME-H\u00e4melmausbl\u00e9iser-fb-\u00a9-Pierre-Weber-9-1024x683.jpg 1024w, https:\/\/hme.lu\/hme\/wp-content\/uploads\/2019\/08\/HME-H\u00e4melmausbl\u00e9iser-fb-\u00a9-Pierre-Weber-9-391x260.jpg 391w\" sizes=\"(max-width: 1199px) 100vw, 1199px\" \/>\t\t\t\t\t\t\t\t\t\t\t\t\t<\/div>\n\t\t\t\t<\/div>\n\t\t\t\t<div class=\"elementor-element elementor-element-d6b1958 elementor-widget elementor-widget-heading\" data-id=\"d6b1958\" data-element_type=\"widget\" data-widget_type=\"heading.default\">\n\t\t\t\t<div class=\"elementor-widget-container\">\n\t\t\t<h4 class=\"elementor-heading-title elementor-size-default\">Prouwen<\/h4>\t\t<\/div>\n\t\t\t\t<\/div>\n\t\t\t\t<div class=\"elementor-element elementor-element-c22763b elementor-widget elementor-widget-text-editor\" data-id=\"c22763b\" data-element_type=\"widget\" data-widget_type=\"text-editor.default\">\n\t\t\t\t<div class=\"elementor-widget-container\">\n\t\t\t\t\t\t\t<p>Hei g\u00ebtt zesummen un engem Strang gezunn an jiddwer eenzelen wiisst iwwert sech hinaus. D&#8217;Spillen an engem Orchester h\u00eblleft engem laang Freed u sengem Instrument ze hunn a w\u00e4ertvoll Erfarung ze sammelen.<\/p>\t\t\t\t\t\t<\/div>\n\t\t\t\t<\/div>\n\t\t\t\t<div class=\"elementor-element elementor-element-1962c21 elementor-widget elementor-widget-text-editor\" data-id=\"1962c21\" data-element_type=\"widget\" data-widget_type=\"text-editor.default\">\n\t\t\t\t<div class=\"elementor-widget-container\">\n\t\t\t\t\t\t\t<p>Mir maachen e puer Concerten an der Saison, wou mir der Welt houfreg eise flotte Programm present\u00e9ieren. E puer Bespiller: Chr\u00ebschtmaart, F\u00eate de la Musique&#8230; Mir sinn awer och well am Ausland engag\u00e9iert ginn.<\/p>\t\t\t\t\t\t<\/div>\n\t\t\t\t<\/div>\n\t\t\t\t<div class=\"elementor-element elementor-element-9fa59fa elementor-widget elementor-widget-text-editor\" data-id=\"9fa59fa\" data-element_type=\"widget\" data-widget_type=\"text-editor.default\">\n\t\t\t\t<div class=\"elementor-widget-container\">\n\t\t\t\t\t\t\t\t\t\t\t\t\t<\/div>\n\t\t\t\t<\/div>\n\t\t\t\t\t<\/div>\n\t\t<\/div>\n\t\t\t\t<div class=\"elementor-column elementor-col-50 elementor-top-column elementor-element elementor-element-c3fb5e8\" data-id=\"c3fb5e8\" data-element_type=\"column\">\n\t\t\t<div class=\"elementor-widget-wrap elementor-element-populated\">\n\t\t\t\t\t\t<div class=\"elementor-element elementor-element-312929f elementor-widget elementor-widget-image\" data-id=\"312929f\" data-element_type=\"widget\" data-widget_type=\"image.default\">\n\t\t\t\t<div class=\"elementor-widget-container\">\n\t\t\t\t\t\t\t\t\t\t\t\t\t<img loading=\"lazy\" decoding=\"async\" width=\"1199\" height=\"800\" src=\"https:\/\/hme.lu\/hme\/wp-content\/uploads\/2019\/08\/HME-H\u00e4melmausbl\u00e9iser-fb-\u00a9-Pierre-Weber-5.jpg\" class=\"attachment-full size-full wp-image-673\" alt=\"\" srcset=\"https:\/\/hme.lu\/hme\/wp-content\/uploads\/2019\/08\/HME-H\u00e4melmausbl\u00e9iser-fb-\u00a9-Pierre-Weber-5.jpg 1199w, https:\/\/hme.lu\/hme\/wp-content\/uploads\/2019\/08\/HME-H\u00e4melmausbl\u00e9iser-fb-\u00a9-Pierre-Weber-5-300x200.jpg 300w, https:\/\/hme.lu\/hme\/wp-content\/uploads\/2019\/08\/HME-H\u00e4melmausbl\u00e9iser-fb-\u00a9-Pierre-Weber-5-768x512.jpg 768w, https:\/\/hme.lu\/hme\/wp-content\/uploads\/2019\/08\/HME-H\u00e4melmausbl\u00e9iser-fb-\u00a9-Pierre-Weber-5-1024x683.jpg 1024w, https:\/\/hme.lu\/hme\/wp-content\/uploads\/2019\/08\/HME-H\u00e4melmausbl\u00e9iser-fb-\u00a9-Pierre-Weber-5-391x260.jpg 391w\" sizes=\"(max-width: 1199px) 100vw, 1199px\" \/>\t\t\t\t\t\t\t\t\t\t\t\t\t<\/div>\n\t\t\t\t<\/div>\n\t\t\t\t<div class=\"elementor-element elementor-element-afae79f elementor-widget elementor-widget-heading\" data-id=\"afae79f\" data-element_type=\"widget\" data-widget_type=\"heading.default\">\n\t\t\t\t<div class=\"elementor-widget-container\">\n\t\t\t<h4 class=\"elementor-heading-title elementor-size-default\">Stage<\/h4>\t\t<\/div>\n\t\t\t\t<\/div>\n\t\t\t\t<div class=\"elementor-element elementor-element-21b61fe elementor-widget elementor-widget-text-editor\" data-id=\"21b61fe\" data-element_type=\"widget\" data-widget_type=\"text-editor.default\">\n\t\t\t\t<div class=\"elementor-widget-container\">\n\t\t\t\t\t\t\t<p>D\u00b4HHB organis\u00e9iert reegelm\u00e9isseg e flotte Stage. Hei spille mir mat engem aanere Jugendorchester zesummen. A kr\u00e9ien sou, w\u00e4rend enger Woch, d&#8217;M\u00e9iglechkeet vill l\u00e9if nei Leit kennen ze l\u00e9ieren an an engem richteg groussen Orchester ze musiz\u00e9ieren.<\/p>\t\t\t\t\t\t<\/div>\n\t\t\t\t<\/div>\n\t\t\t\t<div class=\"elementor-element elementor-element-3482461 elementor-widget elementor-widget-text-editor\" data-id=\"3482461\" data-element_type=\"widget\" data-widget_type=\"text-editor.default\">\n\t\t\t\t<div class=\"elementor-widget-container\">\n\t\t\t\t\t\t\t<p>Eng Rei vun eis maachen och beim OJE mat, dem Orchestre de Jeunes de l&#8217;Est, e Stage, deen d\u00e9i jonk Musikanten aus dem Kanton zesumme br\u00e9ngt.<\/p>\t\t\t\t\t\t<\/div>\n\t\t\t\t<\/div>\n\t\t\t\t\t<\/div>\n\t\t<\/div>\n\t\t\t\t\t<\/div>\n\t\t<\/section>\n\t\t\t\t<section class=\"elementor-section elementor-top-section elementor-element elementor-element-3697d171 elementor-section-boxed elementor-section-height-default elementor-section-height-default\" data-id=\"3697d171\" data-element_type=\"section\" data-settings=\"{&quot;background_background&quot;:&quot;classic&quot;}\">\n\t\t\t\t\t\t<div class=\"elementor-container elementor-column-gap-default\">\n\t\t\t\t\t<div class=\"elementor-column elementor-col-25 elementor-top-column elementor-element elementor-element-b60de4e\" data-id=\"b60de4e\" data-element_type=\"column\">\n\t\t\t<div class=\"elementor-widget-wrap\">\n\t\t\t\t\t\t\t<\/div>\n\t\t<\/div>\n\t\t\t\t<div class=\"elementor-column elementor-col-25 elementor-top-column elementor-element elementor-element-d17529e\" data-id=\"d17529e\" data-element_type=\"column\">\n\t\t\t<div class=\"elementor-widget-wrap elementor-element-populated\">\n\t\t\t\t\t\t<div class=\"elementor-element elementor-element-7fa6a90 elementor-widget elementor-widget-heading\" data-id=\"7fa6a90\" data-element_type=\"widget\" data-widget_type=\"heading.default\">\n\t\t\t\t<div class=\"elementor-widget-container\">\n\t\t\t<h3 class=\"elementor-heading-title elementor-size-default\">News vum Jugendorchester och op Facebook<\/h3>\t\t<\/div>\n\t\t\t\t<\/div>\n\t\t\t\t\t<\/div>\n\t\t<\/div>\n\t\t\t\t<div class=\"elementor-column elementor-col-25 elementor-top-column elementor-element elementor-element-1bdb1ef4\" data-id=\"1bdb1ef4\" data-element_type=\"column\">\n\t\t\t<div class=\"elementor-widget-wrap elementor-element-populated\">\n\t\t\t\t\t\t<div class=\"elementor-element elementor-element-d395c14 elementor-view-default elementor-widget elementor-widget-icon\" data-id=\"d395c14\" data-element_type=\"widget\" data-widget_type=\"icon.default\">\n\t\t\t\t<div class=\"elementor-widget-container\">\n\t\t\t\t\t<div class=\"elementor-icon-wrapper\">\n\t\t\t<a class=\"elementor-icon\" href=\"https:\/\/www.facebook.com\/HarMunEch-H%C3%A4melmaousbl%C3%A9iser-155443055057358\/?hc_ref=ART6QZaSoj8a1nA6GguzsmpAyBLFvPZIxnH7v3ViQ_uo5ssIIEw_qey59SoPfS2QxSU&#038;__xts__%5B0%5D=68.ARAFsa9gC7U9ZgHiCLKzv_4sPQbjsh5KXG0IPuA6N7GjCufNxRMPUzE2TM_Ghjc79wNdRxrcF9vEHm2J0dAxAqhrZ9-TLewCxwpLukhiMs6V8D1rrM314pCKH23LQ7Udpd6VyxLUjajEPtRtIHC4lEjSZ-qy0fZ5GY7dGiBTPdXjU_lSBh8RF1vTKIUIU48m0u2GFdMIrq3wAUfgoKl6p7_C3uoeUrTvSG_biZd0kn-KcGKOHIRk0eHrIqEPw5h7UwfhAoUVxw&#038;__tn__=kC-R\" target=\"_blank\">\n\t\t\t<i aria-hidden=\"true\" class=\"fab fa-facebook-square\"><\/i>\t\t\t<\/a>\n\t\t<\/div>\n\t\t\t\t<\/div>\n\t\t\t\t<\/div>\n\t\t\t\t\t<\/div>\n\t\t<\/div>\n\t\t\t\t<div class=\"elementor-column elementor-col-25 elementor-top-column elementor-element elementor-element-23ba0cd\" data-id=\"23ba0cd\" data-element_type=\"column\">\n\t\t\t<div class=\"elementor-widget-wrap\">\n\t\t\t\t\t\t\t<\/div>\n\t\t<\/div>\n\t\t\t\t\t<\/div>\n\t\t<\/section>\n\t\t\t\t<\/div>\n\t\t","protected":false},"excerpt":{"rendered":"<p>HarMunEch H\u00e4melmaousbl\u00e9iser\u200b aktuelles HHB VISITEKAART Am Joer 2000 ass eise Jugendorchester gegr\u00ebnnt ginn. Mat d\u00ebsem Orchester w\u00eblle mir jonke Musikanten d&#8216; M\u00e9iglechkeet gi fir fr\u00e9i mat Instrumenter aus anere Reg\u00ebster zesummen ze spillen an esou hiert Orchestergeh\u00e9ier ze train\u00e9ieren. Ausserdeem m\u00e9cht dat gemeinsamt Musiz\u00e9ieren an enger grousser Grupp vill Spaass an erh\u00e4lt d&#8216; Freed um &hellip;<\/p>\n<p class=\"read-more\"> <a class=\"\" href=\"https:\/\/hme.lu\/hme\/jugend\/\"> <span class=\"screen-reader-text\">JUGENDORCHESTER<\/span> Weiterlesen &raquo;<\/a><\/p>\n","protected":false},"author":1,"featured_media":0,"parent":0,"menu_order":0,"comment_status":"closed","ping_status":"closed","template":"","meta":{"_uag_custom_page_level_css":"","site-sidebar-layout":"no-sidebar","site-content-layout":"page-builder","ast-global-header-display":"","ast-main-header-display":"","ast-hfb-above-header-display":"","ast-hfb-below-header-display":"","ast-hfb-mobile-header-display":"","site-post-title":"disabled","ast-breadcrumbs-content":"","ast-featured-img":"disabled","footer-sml-layout":"","theme-transparent-header-meta":"enabled","adv-header-id-meta":"","stick-header-meta":"","header-above-stick-meta":"","header-main-stick-meta":"","header-below-stick-meta":"","footnotes":""},"class_list":["post-363","page","type-page","status-publish","hentry"],"uagb_featured_image_src":{"full":false,"thumbnail":false,"medium":false,"medium_large":false,"large":false,"1536x1536":false,"2048x2048":false},"uagb_author_info":{"display_name":"adminjo","author_link":"https:\/\/hme.lu\/hme\/blog\/author\/adminjo\/"},"uagb_comment_info":0,"uagb_excerpt":"HarMunEch H\u00e4melmaousbl\u00e9iser\u200b aktuelles HHB VISITEKAART Am Joer 2000 ass eise Jugendorchester gegr\u00ebnnt ginn. Mat d\u00ebsem Orchester w\u00eblle mir jonke Musikanten d&#8216; M\u00e9iglechkeet gi fir fr\u00e9i mat Instrumenter aus anere Reg\u00ebster zesummen ze spillen an esou hiert Orchestergeh\u00e9ier ze train\u00e9ieren. Ausserdeem m\u00e9cht dat gemeinsamt Musiz\u00e9ieren an enger grousser Grupp vill Spaass an erh\u00e4lt d&#8216; Freed um&hellip;","_links":{"self":[{"href":"https:\/\/hme.lu\/hme\/wp-json\/wp\/v2\/pages\/363","targetHints":{"allow":["GET"]}}],"collection":[{"href":"https:\/\/hme.lu\/hme\/wp-json\/wp\/v2\/pages"}],"about":[{"href":"https:\/\/hme.lu\/hme\/wp-json\/wp\/v2\/types\/page"}],"author":[{"embeddable":true,"href":"https:\/\/hme.lu\/hme\/wp-json\/wp\/v2\/users\/1"}],"replies":[{"embeddable":true,"href":"https:\/\/hme.lu\/hme\/wp-json\/wp\/v2\/comments?post=363"}],"version-history":[{"count":94,"href":"https:\/\/hme.lu\/hme\/wp-json\/wp\/v2\/pages\/363\/revisions"}],"predecessor-version":[{"id":2837,"href":"https:\/\/hme.lu\/hme\/wp-json\/wp\/v2\/pages\/363\/revisions\/2837"}],"wp:attachment":[{"href":"https:\/\/hme.lu\/hme\/wp-json\/wp\/v2\/media?parent=363"}],"curies":[{"name":"wp","href":"https:\/\/api.w.org\/{rel}","templated":true}]}}