{"id":1774,"date":"2020-01-04T12:08:21","date_gmt":"2020-01-04T12:08:21","guid":{"rendered":"https:\/\/hme.lu\/hme\/?page_id=1774"},"modified":"2026-03-09T06:33:11","modified_gmt":"2026-03-09T06:33:11","slug":"chef-dorchestre","status":"publish","type":"page","link":"https:\/\/hme.lu\/hme\/fr\/chef-dorchestre\/","title":{"rendered":"Chef d&#8217;orchestre"},"content":{"rendered":"<h1>Chef d&#8217;Orchestre<\/h1>\n<p>\t\t\t\t\t\t\t\t\t\t<img loading=\"lazy\" decoding=\"async\" width=\"1024\" height=\"930\" src=\"https:\/\/hme.lu\/hme\/wp-content\/uploads\/2022\/11\/Tim-3-2-1024x930.jpeg\" alt=\"\" loading=\"lazy\" srcset=\"https:\/\/hme.lu\/hme\/wp-content\/uploads\/2022\/11\/Tim-3-2-1024x930.jpeg 1024w, https:\/\/hme.lu\/hme\/wp-content\/uploads\/2022\/11\/Tim-3-2-300x272.jpeg 300w, https:\/\/hme.lu\/hme\/wp-content\/uploads\/2022\/11\/Tim-3-2-768x697.jpeg 768w, https:\/\/hme.lu\/hme\/wp-content\/uploads\/2022\/11\/Tim-3-2-1536x1394.jpeg 1536w, https:\/\/hme.lu\/hme\/wp-content\/uploads\/2022\/11\/Tim-3-2.jpeg 1735w\" sizes=\"auto, (max-width: 1024px) 100vw, 1024px\" \/>\t\t\t\t\t\t\t\t\t\t\t<\/p>\n<h5>DIRECTION MUSICALE<\/h5>\n<h2>Tim Kleren<\/h2>\n<p>Tim Kleren (n\u00e9 en 1982) est percussionniste, batteur, professeur de musique, chef d&#8217;orchestre et compositeur luxembourgeois.<\/p>\n<p>Il a commenc\u00e9 sa formation musicale \u00e0 l&#8217;\u00e9cole de musique de P\u00e9tange, au conservatoire d&#8217;Esch et plus tard au conservatoire de la ville de Luxembourg. Des professeurs comme: Paul Mootz, Serge Kettenmeyer, Alain Ginter, Carlo Jans ou Marco P\u00fctz l&#8217;ont accompagn\u00e9 dans son \u00e9volution.<\/p>\n<p>Outre sa formation instrumentale professionnelle \u00e0 Maastricht (avec les professeurs Werner Otten et Peter Janssen, Ron van Statum) et les mati\u00e8res secondaires obligatoires (entre autres avec\u00a0 Jan Ezendam, Rik Bastiaens et Mr. Hendrix), il s&#8217;est qualifi\u00e9 dans la direction d&#8217;orchestre sous la direction du c\u00e9l\u00e8bre professeur Jan Cober.<\/p>\n<p>Il a obtenu avec <em>bravur<\/em> son bachelor en 2014 et son master en 2016 en direction d&#8217;harmonie-fanfare-brassband (Hafabra-Directie).<\/p>\n<p>Pendant ses \u00e9tudes, il a \u00e9galement eu l&#8217;occasion d&#8217;avoir un aper\u00e7u de la formation en composition contemporaine du compositeur et professeur Robert HP. Dans ce contexte, il a eu l&#8217;occasion de collaborer avec l'&#8220;Ensemble 88&#8243; de Maastricht.<\/p>\n<p>Outre son activit\u00e9 principale de musicien militaire, il donne \u00e9galement des cours de percussion.<\/p>\n<p>En 2006, apr\u00e8s avoir pris la direction musicale de son premier orchestre et n&#8217;ayant pas trouv\u00e9 d&#8217;\u0153uvre adapt\u00e9e \u00e0 la formation, Tim Kleren a \u00e9crit sa premi\u00e8re \u0153uvre pour orchestre. Entre-temps, il a collabor\u00e9 avec plusieurs \u00e9diteurs \u00e9trangers tels que <em>Bronsheimmusic<\/em>, <em>Starmusicpublishing<\/em> et <em>Sonolize<\/em> et a compos\u00e9 plus de 40 pi\u00e8ces pour ensemble, fanfare, orchestre d&#8217;harmonie et orchestre de blues.<\/p>\n<p>Ses \u0153uvres sont entre autres jou\u00e9es professionnellement au Luxembourg (Milit\u00e4rmusek), en Belgique (Force A\u00e9rienne), aux Pays-Bas (EUYWO, Fanfare de Hoop-Stellendam), en Allemagne, au Portugal, \u00e0 Singapour (Air Force Band) et \u00e0 Tokyo (Air Force Band).<\/p>\n<p>En tant que chef d&#8217;orchestre, il a jusqu&#8217;\u00e0 pr\u00e9sent acquis de l&#8217;exp\u00e9rience avec la Soci\u00e9t\u00e9 Philharmonique Larochette, la Greiveld\u00ebnger Musik, la Ouljer Musik (par int\u00e9rim), la Berdorfer Musik (par int\u00e9rim), la Foulschter Musik (2012-2019), la Musik Concordia Rosport (2010- 2022) et la M\u00ebnster Musik (depuis 2019).<\/p>\n<p>A l&#8217;\u00e9tranger, il est chef d&#8217;orchestre invit\u00e9 et compositeur. Entre autres depuis 2016 avec l&#8217;orchestre EVEA. En 2019, il a \u00e9galement \u00e9t\u00e9 chef d&#8217;orchestre invit\u00e9 de la &#8222;Banda Musical S\u00e3o Martinho&#8220; de Valongo au Portugal.<\/p>\n","protected":false},"excerpt":{"rendered":"<p>Chef d&#8217;Orchestre DIRECTION MUSICALE Tim Kleren Tim Kleren (n\u00e9 en 1982) est percussionniste, batteur, professeur de musique, chef d&#8217;orchestre et compositeur luxembourgeois. Il a commenc\u00e9 sa formation musicale \u00e0 l&#8217;\u00e9cole de musique de P\u00e9tange, au conservatoire d&#8217;Esch et plus tard au conservatoire de la ville de Luxembourg. Des professeurs comme: Paul Mootz, Serge Kettenmeyer, Alain &hellip;<\/p>\n<p class=\"read-more\"> <a class=\"\" href=\"https:\/\/hme.lu\/hme\/fr\/chef-dorchestre\/\"> <span class=\"screen-reader-text\">Chef d&#8217;orchestre<\/span> Weiterlesen &raquo;<\/a><\/p>\n","protected":false},"author":1,"featured_media":0,"parent":0,"menu_order":0,"comment_status":"closed","ping_status":"closed","template":"","meta":{"_uag_custom_page_level_css":"","site-sidebar-layout":"no-sidebar","site-content-layout":"page-builder","ast-global-header-display":"","ast-main-header-display":"","ast-hfb-above-header-display":"","ast-hfb-below-header-display":"","ast-hfb-mobile-header-display":"","site-post-title":"disabled","ast-breadcrumbs-content":"","ast-featured-img":"disabled","footer-sml-layout":"","theme-transparent-header-meta":"default","adv-header-id-meta":"","stick-header-meta":"","header-above-stick-meta":"","header-main-stick-meta":"","header-below-stick-meta":"","footnotes":""},"class_list":["post-1774","page","type-page","status-publish","hentry"],"uagb_featured_image_src":{"full":false,"thumbnail":false,"medium":false,"medium_large":false,"large":false,"1536x1536":false,"2048x2048":false},"uagb_author_info":{"display_name":"adminjo","author_link":"https:\/\/hme.lu\/hme\/blog\/author\/adminjo\/"},"uagb_comment_info":0,"uagb_excerpt":"Chef d&#8217;Orchestre DIRECTION MUSICALE Tim Kleren Tim Kleren (n\u00e9 en 1982) est percussionniste, batteur, professeur de musique, chef d&#8217;orchestre et compositeur luxembourgeois. Il a commenc\u00e9 sa formation musicale \u00e0 l&#8217;\u00e9cole de musique de P\u00e9tange, au conservatoire d&#8217;Esch et plus tard au conservatoire de la ville de Luxembourg. Des professeurs comme: Paul Mootz, Serge Kettenmeyer, Alain&hellip;","_links":{"self":[{"href":"https:\/\/hme.lu\/hme\/wp-json\/wp\/v2\/pages\/1774","targetHints":{"allow":["GET"]}}],"collection":[{"href":"https:\/\/hme.lu\/hme\/wp-json\/wp\/v2\/pages"}],"about":[{"href":"https:\/\/hme.lu\/hme\/wp-json\/wp\/v2\/types\/page"}],"author":[{"embeddable":true,"href":"https:\/\/hme.lu\/hme\/wp-json\/wp\/v2\/users\/1"}],"replies":[{"embeddable":true,"href":"https:\/\/hme.lu\/hme\/wp-json\/wp\/v2\/comments?post=1774"}],"version-history":[{"count":5,"href":"https:\/\/hme.lu\/hme\/wp-json\/wp\/v2\/pages\/1774\/revisions"}],"predecessor-version":[{"id":2604,"href":"https:\/\/hme.lu\/hme\/wp-json\/wp\/v2\/pages\/1774\/revisions\/2604"}],"wp:attachment":[{"href":"https:\/\/hme.lu\/hme\/wp-json\/wp\/v2\/media?parent=1774"}],"curies":[{"name":"wp","href":"https:\/\/api.w.org\/{rel}","templated":true}]}}